{"id":24944,"date":"2023-01-03T14:37:55","date_gmt":"2023-01-03T14:37:55","guid":{"rendered":"https:\/\/greentravelindex.com\/?page_id=24944"},"modified":"2023-01-05T19:01:12","modified_gmt":"2023-01-05T19:01:12","slug":"explore-accommodations","status":"publish","type":"page","link":"https:\/\/greentravelindex.com\/fr\/explore-accommodations\/","title":{"rendered":"Explorer les h\u00e9bergements"},"content":{"rendered":"<div data-elementor-type=\"wp-page\" data-elementor-id=\"24944\" class=\"elementor elementor-24944\" data-elementor-post-type=\"page\">\n\t\t\t\t\t\t<section class=\"elementor-section elementor-top-section elementor-element elementor-element-b9b6c61 elementor-section-height-min-height elementor-section-content-middle elementor-section-boxed elementor-section-height-default elementor-section-items-middle\" data-id=\"b9b6c61\" data-element_type=\"section\" data-e-type=\"section\" data-settings=\"{&quot;background_background&quot;:&quot;classic&quot;}\">\n\t\t\t\t\t\t<div class=\"elementor-container elementor-column-gap-no\">\n\t\t\t\t\t<div class=\"elementor-column elementor-col-100 elementor-top-column elementor-element elementor-element-6f1f212\" data-id=\"6f1f212\" data-element_type=\"column\" data-e-type=\"column\">\n\t\t\t<div class=\"elementor-widget-wrap elementor-element-populated\">\n\t\t\t\t\t\t<div class=\"elementor-element elementor-element-3b5257d elementor-widget elementor-widget-heading\" data-id=\"3b5257d\" data-element_type=\"widget\" data-e-type=\"widget\" data-widget_type=\"heading.default\">\n\t\t\t\t<div class=\"elementor-widget-container\">\n\t\t\t\t\t<h2 class=\"elementor-heading-title elementor-size-default\">D\u00e9sol\u00e9, pour voir ce contenu vous devez \u00eatre connect\u00e9 !<\/h2>\t\t\t\t<\/div>\n\t\t\t\t<\/div>\n\t\t\t\t<div class=\"elementor-element elementor-element-a45461e elementor-widget elementor-widget-heading\" data-id=\"a45461e\" data-element_type=\"widget\" data-e-type=\"widget\" data-widget_type=\"heading.default\">\n\t\t\t\t<div class=\"elementor-widget-container\">\n\t\t\t\t\t<h2 class=\"elementor-heading-title elementor-size-default\">S'il vous pla\u00eet <u><a href=\"https:\/\/greentravelindex.com\/fr\/my-account\/\">se connecter ici<\/a><\/u> ou <u><a href=\"https:\/\/greentravelindex.com\/fr\/my-account\/?register\">registre<\/a><\/u>.<\/h2>\t\t\t\t<\/div>\n\t\t\t\t<\/div>\n\t\t\t\t\t<\/div>\n\t\t<\/div>\n\t\t\t\t\t<\/div>\n\t\t<\/section>\n\t\t\t\t<\/div>","protected":false},"excerpt":{"rendered":"<p>Sorry, to see this content you need to be logged in! Please login here or register.<\/p>","protected":false},"author":1,"featured_media":0,"parent":0,"menu_order":0,"comment_status":"closed","ping_status":"closed","template":"","meta":{"footnotes":""},"class_list":["post-24944","page","type-page","status-publish","hentry"],"_links":{"self":[{"href":"https:\/\/greentravelindex.com\/fr\/wp-json\/wp\/v2\/pages\/24944","targetHints":{"allow":["GET"]}}],"collection":[{"href":"https:\/\/greentravelindex.com\/fr\/wp-json\/wp\/v2\/pages"}],"about":[{"href":"https:\/\/greentravelindex.com\/fr\/wp-json\/wp\/v2\/types\/page"}],"author":[{"embeddable":true,"href":"https:\/\/greentravelindex.com\/fr\/wp-json\/wp\/v2\/users\/1"}],"replies":[{"embeddable":true,"href":"https:\/\/greentravelindex.com\/fr\/wp-json\/wp\/v2\/comments?post=24944"}],"version-history":[{"count":0,"href":"https:\/\/greentravelindex.com\/fr\/wp-json\/wp\/v2\/pages\/24944\/revisions"}],"wp:attachment":[{"href":"https:\/\/greentravelindex.com\/fr\/wp-json\/wp\/v2\/media?parent=24944"}],"curies":[{"name":"wp","href":"https:\/\/api.w.org\/{rel}","templated":true}]}}