{"id":25007,"date":"2023-01-03T19:57:07","date_gmt":"2023-01-03T19:57:07","guid":{"rendered":"https:\/\/greentravelindex.com\/?page_id=25007"},"modified":"2023-01-05T19:02:10","modified_gmt":"2023-01-05T19:02:10","slug":"explore-certifications","status":"publish","type":"page","link":"https:\/\/greentravelindex.com\/fr\/explore-certifications\/","title":{"rendered":"Explore Certifications"},"content":{"rendered":"<div data-elementor-type=\"wp-page\" data-elementor-id=\"25007\" class=\"elementor elementor-25007\" data-elementor-post-type=\"page\">\n\t\t\t\t\t\t<section class=\"elementor-section elementor-top-section elementor-element elementor-element-9b7f511 elementor-section-height-min-height elementor-section-content-middle elementor-section-boxed elementor-section-height-default elementor-section-items-middle\" data-id=\"9b7f511\" data-element_type=\"section\" data-e-type=\"section\" data-settings='{\"background_background\":\"classic\"}'>\n\t\t\t\t\t\t<div class=\"elementor-container elementor-column-gap-no\">\n\t\t\t\t\t<div class=\"elementor-column elementor-col-100 elementor-top-column elementor-element elementor-element-69bc2db\" data-id=\"69bc2db\" data-element_type=\"column\" data-e-type=\"column\">\n\t\t\t<div class=\"elementor-widget-wrap elementor-element-populated\">\n\t\t\t\t\t\t<div class=\"elementor-element elementor-element-1ed2b9d elementor-widget elementor-widget-heading\" data-id=\"1ed2b9d\" data-element_type=\"widget\" data-e-type=\"widget\" data-widget_type=\"heading.default\">\n\t\t\t\t<div class=\"elementor-widget-container\">\n\t\t\t\t\t<h2 class=\"elementor-heading-title elementor-size-default\">D\u00e9sol\u00e9, pour voir ce contenu vous devez \u00eatre connect\u00e9 !<\/h2>\t\t\t\t<\/div>\n\t\t\t\t<\/div>\n\t\t\t\t<div class=\"elementor-element elementor-element-5bd17e5 elementor-widget elementor-widget-heading\" data-id=\"5bd17e5\" data-element_type=\"widget\" data-e-type=\"widget\" data-widget_type=\"heading.default\">\n\t\t\t\t<div class=\"elementor-widget-container\">\n\t\t\t\t\t<h2 class=\"elementor-heading-title elementor-size-default\">S'il vous pla\u00eet <u><a href=\"https:\/\/greentravelindex.com\/fr\/my-account\/\">se connecter ici<\/a><\/u> ou <u><a href=\"https:\/\/greentravelindex.com\/fr\/my-account\/?register\">registre<\/a><\/u>.<\/h2>\t\t\t\t<\/div>\n\t\t\t\t<\/div>\n\t\t\t\t\t<\/div>\n\t\t<\/div>\n\t\t\t\t\t<\/div>\n\t\t<\/section>\n\t\t\t\t<\/div>","protected":false},"excerpt":{"rendered":"<p>Sorry, to see this content you need to be logged in! Please login here or register.<\/p>","protected":false},"author":1,"featured_media":0,"parent":0,"menu_order":0,"comment_status":"closed","ping_status":"closed","template":"","meta":{"footnotes":""},"class_list":["post-25007","page","type-page","status-publish","hentry"],"_links":{"self":[{"href":"https:\/\/greentravelindex.com\/fr\/wp-json\/wp\/v2\/pages\/25007","targetHints":{"allow":["GET"]}}],"collection":[{"href":"https:\/\/greentravelindex.com\/fr\/wp-json\/wp\/v2\/pages"}],"about":[{"href":"https:\/\/greentravelindex.com\/fr\/wp-json\/wp\/v2\/types\/page"}],"author":[{"embeddable":true,"href":"https:\/\/greentravelindex.com\/fr\/wp-json\/wp\/v2\/users\/1"}],"replies":[{"embeddable":true,"href":"https:\/\/greentravelindex.com\/fr\/wp-json\/wp\/v2\/comments?post=25007"}],"version-history":[{"count":0,"href":"https:\/\/greentravelindex.com\/fr\/wp-json\/wp\/v2\/pages\/25007\/revisions"}],"wp:attachment":[{"href":"https:\/\/greentravelindex.com\/fr\/wp-json\/wp\/v2\/media?parent=25007"}],"curies":[{"name":"wp","href":"https:\/\/api.w.org\/{rel}","templated":true}]}}