{"id":25028,"date":"2023-01-03T20:23:36","date_gmt":"2023-01-03T20:23:36","guid":{"rendered":"https:\/\/greentravelindex.com\/?page_id=25028"},"modified":"2023-01-05T18:12:53","modified_gmt":"2023-01-05T18:12:53","slug":"explore-destinations","status":"publish","type":"page","link":"https:\/\/greentravelindex.com\/fr\/explore-destinations\/","title":{"rendered":"Explore Destinations"},"content":{"rendered":"<div data-elementor-type=\"wp-page\" data-elementor-id=\"25028\" class=\"elementor elementor-25028\" data-elementor-post-type=\"page\">\n\t\t\t\t\t\t<section class=\"elementor-section elementor-top-section elementor-element elementor-element-639bbf8 elementor-section-height-min-height elementor-section-content-middle elementor-section-boxed elementor-section-height-default elementor-section-items-middle\" data-id=\"639bbf8\" data-element_type=\"section\" data-e-type=\"section\" data-settings='{\"background_background\":\"classic\"}'>\n\t\t\t\t\t\t<div class=\"elementor-container elementor-column-gap-no\">\n\t\t\t\t\t<div class=\"elementor-column elementor-col-100 elementor-top-column elementor-element elementor-element-b7fd462\" data-id=\"b7fd462\" data-element_type=\"column\" data-e-type=\"column\">\n\t\t\t<div class=\"elementor-widget-wrap elementor-element-populated\">\n\t\t\t\t\t\t<div class=\"elementor-element elementor-element-70d86f4 elementor-widget elementor-widget-heading\" data-id=\"70d86f4\" data-element_type=\"widget\" data-e-type=\"widget\" data-widget_type=\"heading.default\">\n\t\t\t\t<div class=\"elementor-widget-container\">\n\t\t\t\t\t<h2 class=\"elementor-heading-title elementor-size-default\">D\u00e9sol\u00e9, pour voir ce contenu vous devez \u00eatre connect\u00e9 !<\/h2>\t\t\t\t<\/div>\n\t\t\t\t<\/div>\n\t\t\t\t<div class=\"elementor-element elementor-element-ad8860d elementor-widget elementor-widget-heading\" data-id=\"ad8860d\" data-element_type=\"widget\" data-e-type=\"widget\" data-widget_type=\"heading.default\">\n\t\t\t\t<div class=\"elementor-widget-container\">\n\t\t\t\t\t<h2 class=\"elementor-heading-title elementor-size-default\">S'il vous pla\u00eet <u><a href=\"https:\/\/greentravelindex.com\/fr\/my-account\/\">se connecter ici<\/a><\/u> ou <u><a href=\"https:\/\/greentravelindex.com\/fr\/my-account\/?register\">registre<\/a><\/u>.<\/h2>\t\t\t\t<\/div>\n\t\t\t\t<\/div>\n\t\t\t\t\t<\/div>\n\t\t<\/div>\n\t\t\t\t\t<\/div>\n\t\t<\/section>\n\t\t\t\t<\/div>","protected":false},"excerpt":{"rendered":"<p>Sorry, to see this content you need to be logged in! Please login here or register.<\/p>","protected":false},"author":1,"featured_media":0,"parent":0,"menu_order":0,"comment_status":"closed","ping_status":"closed","template":"","meta":{"footnotes":""},"class_list":["post-25028","page","type-page","status-publish","hentry"],"_links":{"self":[{"href":"https:\/\/greentravelindex.com\/fr\/wp-json\/wp\/v2\/pages\/25028","targetHints":{"allow":["GET"]}}],"collection":[{"href":"https:\/\/greentravelindex.com\/fr\/wp-json\/wp\/v2\/pages"}],"about":[{"href":"https:\/\/greentravelindex.com\/fr\/wp-json\/wp\/v2\/types\/page"}],"author":[{"embeddable":true,"href":"https:\/\/greentravelindex.com\/fr\/wp-json\/wp\/v2\/users\/1"}],"replies":[{"embeddable":true,"href":"https:\/\/greentravelindex.com\/fr\/wp-json\/wp\/v2\/comments?post=25028"}],"version-history":[{"count":0,"href":"https:\/\/greentravelindex.com\/fr\/wp-json\/wp\/v2\/pages\/25028\/revisions"}],"wp:attachment":[{"href":"https:\/\/greentravelindex.com\/fr\/wp-json\/wp\/v2\/media?parent=25028"}],"curies":[{"name":"wp","href":"https:\/\/api.w.org\/{rel}","templated":true}]}}